{"id":87,"date":"2025-09-10T17:54:53","date_gmt":"2025-09-10T21:54:53","guid":{"rendered":"https:\/\/ledistingoinfo.com\/?page_id=87"},"modified":"2025-09-14T09:28:41","modified_gmt":"2025-09-14T13:28:41","slug":"contactez-nous","status":"publish","type":"page","link":"https:\/\/ledistingoinfo.com\/","title":{"rendered":"Contactez- nous"},"content":{"rendered":"\n<form method=\"post\" class=\"wp-block-gutena-forms gutena-forms-contact-form gutena_forms_ID_632d34ee3c_109202517329 after_submit_message is-layout-flow wp-block-gutena-forms-is-layout-flow\" style=\"padding-top:2rem;padding-bottom:5rem\"><input type=\"hidden\" name=\"formid\" value=\"gutena_forms_ID_632d34ee3c_109202517329\"\/>\n<div class=\"wp-block-gutena-field-group  field-group-type-text is-layout-flow wp-block-gutena-field-group-is-layout-flow\">\n<div class=\"wp-block-group is-vertical is-layout-flex wp-container-core-group-is-layout-c8e3a30a wp-block-group-is-layout-flex\">\n<h3 class=\"wp-block-heading heading-input-label-gutena\">Pr\u00e9nom(s)<\/h3>\n\n\n<div class=\"gutena-forms-text-field field-name-first_name  wp-block-gutena-form-field\"><input \n\t\t\t\t name=\"first_name\" type=\"text\" class=\"gutena-forms-field text-field required-field  \" placeholder=\"Entrer votre pr\u00e9nom\"  required \n\t\t\t\t\/><\/div><\/div>\n\n\n\n<p class=\"gutena-forms-field-error-msg\"><\/p>\n<\/div>\n\n\n\n<div class=\"wp-block-gutena-field-group  field-group-type-text is-layout-flow wp-block-gutena-field-group-is-layout-flow\">\n<div class=\"wp-block-group is-vertical is-layout-flex wp-container-core-group-is-layout-c8e3a30a wp-block-group-is-layout-flex\">\n<h3 class=\"wp-block-heading heading-input-label-gutena\">Nom<\/h3>\n\n\n<div class=\"gutena-forms-text-field field-name-last_name  wp-block-gutena-form-field\"><input \n\t\t\t\t name=\"last_name\" type=\"text\" class=\"gutena-forms-field text-field required-field  \" placeholder=\"Entrer votre nom\"  required \n\t\t\t\t\/><\/div><\/div>\n\n\n\n<p class=\"gutena-forms-field-error-msg\"><\/p>\n<\/div>\n\n\n\n<div class=\"wp-block-gutena-field-group  field-group-type-email is-layout-flow wp-block-gutena-field-group-is-layout-flow\">\n<div class=\"wp-block-group is-vertical is-layout-flex wp-container-core-group-is-layout-c8e3a30a wp-block-group-is-layout-flex\">\n<h3 class=\"wp-block-heading heading-input-label-gutena\">Email<\/h3>\n\n\n<div class=\"gutena-forms-email-field field-name-email  wp-block-gutena-form-field\"><input \n\t\t\t\t name=\"email\" type=\"email\" class=\"gutena-forms-field email-field required-field  \" placeholder=\"exemple@gmail.com\"  required \n\t\t\t\t\/><\/div><\/div>\n\n\n\n<p class=\"gutena-forms-field-error-msg\"><\/p>\n<\/div>\n\n\n\n<div class=\"wp-block-gutena-field-group  field-group-type-text is-layout-flow wp-block-gutena-field-group-is-layout-flow\">\n<div class=\"wp-block-group is-vertical is-layout-flex wp-container-core-group-is-layout-c8e3a30a wp-block-group-is-layout-flex\">\n<h3 class=\"wp-block-heading heading-input-label-gutena\">Sujet<\/h3>\n\n\n<div class=\"gutena-forms-text-field field-name-subject  wp-block-gutena-form-field\"><input \n\t\t\t\t name=\"subject\" type=\"text\" class=\"gutena-forms-field text-field required-field  \" placeholder=\"Sujet\"  required \n\t\t\t\t\/><\/div><\/div>\n\n\n\n<p class=\"gutena-forms-field-error-msg\"><\/p>\n<\/div>\n\n\n\n<div class=\"wp-block-gutena-field-group  field-group-type-textarea is-layout-flow wp-block-gutena-field-group-is-layout-flow\">\n<div class=\"wp-block-group is-vertical is-layout-flex wp-container-core-group-is-layout-c8e3a30a wp-block-group-is-layout-flex\">\n<h3 class=\"wp-block-heading heading-input-label-gutena\">Message<\/h3>\n\n\n<div class=\"gutena-forms-textarea-field field-name-message  wp-block-gutena-form-field\"><textarea \n\t\t\t\t name=\"message\" rows=\"5\" class=\"gutena-forms-field textarea-field required-field  \" placeholder=\"\u00c9crivez votre texte\"  required \n\t\t\t\t><\/textarea><\/div><\/div>\n\n\n\n<p class=\"gutena-forms-field-error-msg\"><\/p>\n<\/div>\n\n\n\n<div class=\"wp-block-buttons gutena-forms-submit-buttons is-layout-flex wp-block-buttons-is-layout-flex\">\n<div class=\"wp-block-button gutena-forms-submit-button\"><button class=\"wp-block-button__link wp-element-button\">Soumettre<\/button><\/div>\n<\/div>\n\n\n\n<div class=\"wp-block-gutena-form-confirm-msg is-layout-flow wp-block-gutena-form-confirm-msg-is-layout-flow\">\n<div class=\"wp-block-group has-background is-content-justification-left is-nowrap is-layout-flex wp-container-core-group-is-layout-25cdd410 wp-block-group-is-layout-flex\" style=\"border-radius:5px;background-color:#d8eacc;padding-top:12px;padding-right:12px;padding-bottom:12px;padding-left:12px\">\n<figure class=\"wp-block-image size-large form-message-icon\"><img  alt=\"Success\" class=\"wp-image-3811 lws-optimize-lazyload\"\/ data-src=\"data:image\/svg+xml;base64,PHN2ZyB3aWR0aD0iMTYiIGhlaWdodD0iMTYiIHZpZXdCb3g9IjAgMCAxNiAxNiIgZmlsbD0ibm9uZSIgeG1sbnM9Imh0dHA6Ly93d3cudzMub3JnLzIwMDAvc3ZnIj4KPHBhdGggZD0iTTggMTZDMy41ODE2IDE2IDAgMTIuNDE4NCAwIDhDMCAzLjU4MTYgMy41ODE2IDAgOCAwQzEyLjQxODQgMCAxNiAzLjU4MTYgMTYgOEMxNiAxMi40MTg0IDEyLjQxODQgMTYgOCAxNlpNOCAxNC40QzkuNjk3MzkgMTQuNCAxMS4zMjUzIDEzLjcyNTcgMTIuNTI1NSAxMi41MjU1QzEzLjcyNTcgMTEuMzI1MyAxNC40IDkuNjk3MzkgMTQuNCA4QzE0LjQgNi4zMDI2MSAxMy43MjU3IDQuNjc0NzUgMTIuNTI1NSAzLjQ3NDUyQzExLjMyNTMgMi4yNzQyOCA5LjY5NzM5IDEuNiA4IDEuNkM2LjMwMjYxIDEuNiA0LjY3NDc1IDIuMjc0MjggMy40NzQ1MiAzLjQ3NDUyQzIuMjc0MjggNC42NzQ3NSAxLjYgNi4zMDI2MSAxLjYgOEMxLjYgOS42OTczOSAyLjI3NDI4IDExLjMyNTMgMy40NzQ1MiAxMi41MjU1QzQuNjc0NzUgMTMuNzI1NyA2LjMwMjYxIDE0LjQgOCAxNC40Wk03LjIwMjQgMTEuMkwzLjgwOCA3LjgwNTZMNC45MzkyIDYuNjc0NEw3LjIwMjQgOC45Mzc2TDExLjcyNzIgNC40MTJMMTIuODU5MiA1LjU0MzJMNy4yMDI0IDExLjJaIiBmaWxsPSIjNDY4NDFFIi8+Cjwvc3ZnPgo=\"><\/figure>\n\n\n\n<p class=\"has-black-color has-text-color has-tiny-font-size\" style=\"font-size:12px;font-style:normal;font-weight:500;line-height:1.2\">Your form submitted successfully!<\/p>\n<\/div>\n<\/div>\n\n\n\n<div class=\"wp-block-gutena-form-error-msg is-layout-flow wp-block-gutena-form-error-msg-is-layout-flow\">\n<div class=\"wp-block-group has-background is-content-justification-left is-nowrap is-layout-flex wp-container-core-group-is-layout-25cdd410 wp-block-group-is-layout-flex\" style=\"border-radius:5px;background-color:#ffd3d3;padding-top:12px;padding-right:12px;padding-bottom:12px;padding-left:12px\">\n<figure class=\"wp-block-image size-large form-message-icon\"><img  alt=\"Error\" class=\"wp-image-3811 lws-optimize-lazyload\"\/ data-src=\"data:image\/svg+xml;base64,PHN2ZyB3aWR0aD0iMTYiIGhlaWdodD0iMTYiIHZpZXdCb3g9IjAgMCAxNiAxNiIgZmlsbD0ibm9uZSIgeG1sbnM9Imh0dHA6Ly93d3cudzMub3JnLzIwMDAvc3ZnIj4KPHBhdGggZD0iTTggMTZDMy41ODE2IDE2IDAgMTIuNDE4NCAwIDhDMCAzLjU4MTYgMy41ODE2IDAgOCAwQzEyLjQxODQgMCAxNiAzLjU4MTYgMTYgOEMxNiAxMi40MTg0IDEyLjQxODQgMTYgOCAxNlpNOCAxNC40QzkuNjk3MzkgMTQuNCAxMS4zMjUzIDEzLjcyNTcgMTIuNTI1NSAxMi41MjU1QzEzLjcyNTcgMTEuMzI1MyAxNC40IDkuNjk3MzkgMTQuNCA4QzE0LjQgNi4zMDI2MSAxMy43MjU3IDQuNjc0NzUgMTIuNTI1NSAzLjQ3NDUyQzExLjMyNTMgMi4yNzQyOCA5LjY5NzM5IDEuNiA4IDEuNkM2LjMwMjYxIDEuNiA0LjY3NDc1IDIuMjc0MjggMy40NzQ1MiAzLjQ3NDUyQzIuMjc0MjggNC42NzQ3NSAxLjYgNi4zMDI2MSAxLjYgOEMxLjYgOS42OTczOSAyLjI3NDI4IDExLjMyNTMgMy40NzQ1MiAxMi41MjU1QzQuNjc0NzUgMTMuNzI1NyA2LjMwMjYxIDE0LjQgOCAxNC40Wk03LjIgMTAuNEg4LjhWMTJINy4yVjEwLjRaTTcuMiA0SDguOFY4LjhINy4yVjRaIiBmaWxsPSIjQzUxOTE5Ii8+Cjwvc3ZnPgo=\"><\/figure>\n\n\n\n<p class=\"gutena-forms-error-text has-black-color has-text-color\" style=\"font-size:12px;font-style:normal;font-weight:500;line-height:1.2\">Sorry! your form was not submitted properly, Please check the errors above.<\/p>\n<\/div>\n<\/div>\n<\/form>\n\n\n\n<div class=\"wp-block-columns alignfull has-text-color has-background is-layout-flex wp-container-core-columns-is-layout-9d6595d7 wp-block-columns-is-layout-flex\" style=\"color:#000000;background-color:#ffffff\">\n<div class=\"wp-block-column is-vertically-aligned-center is-layout-flow wp-block-column-is-layout-flow\">\n<p><img  alt=\"\ud83d\udcde\" class=\"lws-optimize-lazyload\" data-src=\"https:\/\/fonts.gstatic.com\/s\/e\/notoemoji\/16.0\/1f4de\/32.png\">\u00a0Nous joindre<\/p>\n\n\n\n<p>Vous souhaitez rester inform\u00e9(e) en temps r\u00e9el et suivre toutes nos publications ? Rejoignez Le Distingo Info sur nos diff\u00e9rents canaux officiels :<\/p>\n\n\n\n<p><img  alt=\"\ud83d\udcac\" class=\"lws-optimize-lazyload\" data-src=\"https:\/\/fonts.gstatic.com\/s\/e\/notoemoji\/16.0\/1f4ac\/32.png\">&nbsp;WhatsApp Channel : <a href=\"https:\/\/whatsapp.com\/channel\/0029VaMna9ZKmCPGmxdZc922\">Cliquez ici pour nous suivre<\/a><\/p>\n\n\n\n<p><img  alt=\"\ud83d\udcd8\" class=\"lws-optimize-lazyload\" data-src=\"https:\/\/fonts.gstatic.com\/s\/e\/notoemoji\/16.0\/1f4d8\/32.png\">&nbsp;Facebook : <a href=\"https:\/\/www.facebook.com\/profile.php?id=100095418550304\">Notre page officielle<\/a><\/p>\n\n\n\n<p><img  alt=\"\ud83d\udd4a\ufe0f\" class=\"lws-optimize-lazyload\" data-src=\"https:\/\/fonts.gstatic.com\/s\/e\/notoemoji\/16.0\/1f54a_fe0f\/32.png\">&nbsp;X (Twitter) : <a href=\"https:\/\/x.com\/LeDistingo\">@LeDistingo<\/a><\/p>\n\n\n\n<p><img  alt=\"\u25b6\ufe0f\" class=\"lws-optimize-lazyload\" data-src=\"https:\/\/fonts.gstatic.com\/s\/e\/notoemoji\/16.0\/25b6_fe0f\/32.png\">&nbsp;YouTube : <a href=\"https:\/\/youtube.com\/@ledistingoinfo509?si=NW9VV9byCQu7V6pV\">Le Distingo Info<\/a><\/p>\n\n\n\n<p><img  alt=\"\ud83d\udcbc\" class=\"lws-optimize-lazyload\" data-src=\"https:\/\/fonts.gstatic.com\/s\/e\/notoemoji\/16.0\/1f4bc\/32.png\">&nbsp;LinkedIn : <a href=\"https:\/\/ht.linkedin.com\/in\/le-distingo-info-357a42286\">Notre profil professionnel<\/a><\/p>\n\n\n\n<p><img alt=\"\ud83d\udce7\"  class=\"lws-optimize-lazyload\" data-src=\"https:\/\/fonts.gstatic.com\/s\/e\/notoemoji\/16.0\/1f4e7\/32.png\">&nbsp;Vous pouvez \u00e9galement nous \u00e9crire directement par e-mail :&nbsp;<a href=\"mailto:infoledistingo@gmail.com\" target=\"_blank\" rel=\"noreferrer noopener\">infoledistingo@gmail.com<\/a><\/p>\n<\/div>\n\n\n\n<div class=\"wp-block-column is-layout-flow wp-block-column-is-layout-flow\">\n<h3 class=\"wp-block-heading\" style=\"font-size:24px;line-height:1.3\">\u00c9coutez notre radio<\/h3>\n\n\n<div class=\"aligncenter\"><div class=\"radio_player\" data-player-type=\"shortcode\" data-data=\"eyJpZCI6MSwidGl0bGUiOiJMZSBEaXN0aW5nbyBSYWRpbyIsInN0aWNreSI6ZmFsc2UsInN0YXR1cyI6dHJ1ZSwic2tpbiI6InNraW4yIiwic3RhdGlvbnMiOlt7InRpdGxlIjoiTGUgRGlzdGluZ28gSW5mbyIsInN0cmVhbSI6Imh0dHBzOlwvXC9zdHJlYW0uemVuby5mbVwvMG5paWtzajlra210diIsInRodW1ibmFpbCI6Imh0dHBzOlwvXC9sZWRpc3RpbmdvaW5mby5jb21cL3dwLWNvbnRlbnRcL3VwbG9hZHNcLzIwMjVcLzA5XC8xMDAwMzcyMTY3LXJlbW92ZWJnLXByZXZpZXcucG5nIn1dLCJhdXRvcGxheSI6ZmFsc2UsInBvcHVwX2ljb24iOmZhbHNlLCJwbGF5bGlzdF9pY29uIjpmYWxzZSwiaGlzdG9yeV9pY29uIjpmYWxzZSwidm9sdW1lX2NvbnRyb2wiOnRydWUsInBsYXllcl9zdGF0dXMiOnRydWUsInNob3dfYXJ0aXN0IjpmYWxzZSwic2hvd19hcnR3b3JrIjpmYWxzZSwicGxheWVyX3RleHQiOiJMaXN0ZW4gTGl2ZSIsIndpZHRoIjo5MjUsIndpZHRoX21vYmlsZSI6NTAwLCJib3JkZXJfcmFkaXVzIjoyLCJiZ19jb2xvciI6IiM1NTgxQTQiLCJiZ19pbWFnZSI6Imh0dHBzOlwvXC9sZWRpc3RpbmdvaW5mby5jb21cL3dwLWNvbnRlbnRcL3BsdWdpbnNcL3JhZGlvLXBsYXllclwvYXNzZXRzXC9pbWFnZXNcL3BsYXllci1iZy5wbmciLCJiZ190eXBlIjoiY29sb3IiLCJjb2xvcl90eXBlIjoic29saWQiLCJ0ZXh0X2NvbG9yIjoiI2ZmZiIsImJveF9zaGFkb3ciOnRydWUsImJveF9zaGFkb3dfaCI6MCwiYm94X3NoYWRvd192IjoyNSwiYm94X3NoYWRvd19ibHVyIjoyMCwiYm94X3NoYWRvd19zcHJlYWQiOi0yNSwiYm94X3NoYWRvd19jb2xvciI6InJnYmEoMCwgMCwgMCwgMC40NSkiLCJib3hfc2hhZG93X3R5cGUiOiIiLCJ3aWR0aF9kZXZpY2UiOiJkZXNrdG9wIn0=\"><\/div><\/div><\/div>\n<\/div>\n","protected":false},"excerpt":{"rendered":"<p>\u00a0Nous joindre Vous souhaitez rester inform\u00e9(e) en temps r\u00e9el et suivre toutes nos publications ? Rejoignez Le Distingo Info sur nos diff\u00e9rents canaux officiels : &nbsp;WhatsApp Channel : Cliquez ici pour nous suivre &nbsp;Facebook : Notre page officielle &nbsp;X (Twitter) : @LeDistingo &nbsp;YouTube : Le Distingo Info &nbsp;LinkedIn : Notre profil professionnel &nbsp;Vous pouvez \u00e9galement [&hellip;]<\/p>\n","protected":false},"author":1,"featured_media":0,"parent":0,"menu_order":0,"comment_status":"closed","ping_status":"closed","template":"","meta":{"footnotes":"","beyondwords_generate_audio":"","beyondwords_project_id":"","beyondwords_content_id":"","beyondwords_preview_token":"","beyondwords_player_content":"","beyondwords_player_style":"","beyondwords_language_code":"","beyondwords_language_id":"","beyondwords_title_voice_id":"","beyondwords_body_voice_id":"","beyondwords_summary_voice_id":"","beyondwords_error_message":"","beyondwords_disabled":"","beyondwords_delete_content":"","beyondwords_podcast_id":"","beyondwords_hash":"","publish_post_to_speechkit":"","speechkit_hash":"","speechkit_generate_audio":"","speechkit_project_id":"","speechkit_podcast_id":"","speechkit_error_message":"","speechkit_disabled":"","speechkit_access_key":"","speechkit_error":"","speechkit_info":"","speechkit_response":"","speechkit_retries":"","speechkit_status":"","speechkit_updated_at":"","_speechkit_link":"","_speechkit_text":""},"class_list":["post-87","page","type-page","status-publish","hentry"],"yoast_head":"<!-- This site is optimized with the Yoast SEO plugin v27.4 - https:\/\/yoast.com\/product\/yoast-seo-wordpress\/ -->\n<title>Contactez- nous - Le Distingo Info<\/title>\n<meta name=\"description\" content=\"Une question, une suggestion ou un partenariat ? L\u2019\u00e9quipe de Le Distingo Info est \u00e0 votre \u00e9coute.\ud83d\udc49 Remplissez le formulaire ci-dessous ou \u00e9crivez-nous directement, nous vous r\u00e9pondrons dans les plus brefs d\u00e9lais.\" \/>\n<meta name=\"robots\" content=\"index, follow, max-snippet:-1, max-image-preview:large, max-video-preview:-1\" \/>\n<link rel=\"canonical\" href=\"https:\/\/ledistingoinfo.com\/\" \/>\n<meta property=\"og:locale\" content=\"fr_FR\" \/>\n<meta property=\"og:type\" content=\"article\" \/>\n<meta property=\"og:title\" content=\"Contactez- nous - Le Distingo Info\" \/>\n<meta property=\"og:description\" content=\"Une question, une suggestion ou un partenariat ? L\u2019\u00e9quipe de Le Distingo Info est \u00e0 votre \u00e9coute.\ud83d\udc49 Remplissez le formulaire ci-dessous ou \u00e9crivez-nous directement, nous vous r\u00e9pondrons dans les plus brefs d\u00e9lais.\" \/>\n<meta property=\"og:url\" content=\"https:\/\/ledistingoinfo.com\/\" \/>\n<meta property=\"og:site_name\" content=\"Le Distingo Info\" \/>\n<meta property=\"article:modified_time\" content=\"2025-09-14T13:28:41+00:00\" \/>\n<meta property=\"og:image\" content=\"https:\/\/fonts.gstatic.com\/s\/e\/notoemoji\/16.0\/1f4de\/32.png\" \/>\n<meta name=\"twitter:card\" content=\"summary_large_image\" \/>\n<meta name=\"twitter:label1\" content=\"Dur\u00e9e de lecture estim\u00e9e\" \/>\n\t<meta name=\"twitter:data1\" content=\"2 minutes\" \/>\n<script type=\"application\/ld+json\" class=\"yoast-schema-graph\">{\"@context\":\"https:\\\/\\\/schema.org\",\"@graph\":[{\"@type\":\"WebPage\",\"@id\":\"https:\\\/\\\/ledistingoinfo.com\\\/\",\"url\":\"https:\\\/\\\/ledistingoinfo.com\\\/\",\"name\":\"Contactez- nous - Le Distingo Info\",\"isPartOf\":{\"@id\":\"https:\\\/\\\/ledistingoinfo.com\\\/#website\"},\"primaryImageOfPage\":{\"@id\":\"https:\\\/\\\/ledistingoinfo.com\\\/#primaryimage\"},\"image\":{\"@id\":\"https:\\\/\\\/ledistingoinfo.com\\\/#primaryimage\"},\"thumbnailUrl\":\"https:\\\/\\\/fonts.gstatic.com\\\/s\\\/e\\\/notoemoji\\\/16.0\\\/1f4de\\\/32.png\",\"datePublished\":\"2025-09-10T21:54:53+00:00\",\"dateModified\":\"2025-09-14T13:28:41+00:00\",\"description\":\"Une question, une suggestion ou un partenariat ? L\u2019\u00e9quipe de Le Distingo Info est \u00e0 votre \u00e9coute.\ud83d\udc49 Remplissez le formulaire ci-dessous ou \u00e9crivez-nous directement, nous vous r\u00e9pondrons dans les plus brefs d\u00e9lais.\",\"breadcrumb\":{\"@id\":\"https:\\\/\\\/ledistingoinfo.com\\\/#breadcrumb\"},\"inLanguage\":\"fr-FR\",\"potentialAction\":[{\"@type\":\"ReadAction\",\"target\":[\"https:\\\/\\\/ledistingoinfo.com\\\/\"]}]},{\"@type\":\"ImageObject\",\"inLanguage\":\"fr-FR\",\"@id\":\"https:\\\/\\\/ledistingoinfo.com\\\/#primaryimage\",\"url\":\"https:\\\/\\\/fonts.gstatic.com\\\/s\\\/e\\\/notoemoji\\\/16.0\\\/1f4de\\\/32.png\",\"contentUrl\":\"https:\\\/\\\/fonts.gstatic.com\\\/s\\\/e\\\/notoemoji\\\/16.0\\\/1f4de\\\/32.png\"},{\"@type\":\"BreadcrumbList\",\"@id\":\"https:\\\/\\\/ledistingoinfo.com\\\/#breadcrumb\",\"itemListElement\":[{\"@type\":\"ListItem\",\"position\":1,\"name\":\"Home\",\"item\":\"https:\\\/\\\/ledistingoinfo.com\\\/\"},{\"@type\":\"ListItem\",\"position\":2,\"name\":\"Contactez- nous\"}]},{\"@type\":\"WebSite\",\"@id\":\"https:\\\/\\\/ledistingoinfo.com\\\/#website\",\"url\":\"https:\\\/\\\/ledistingoinfo.com\\\/\",\"name\":\"Le Distingo Info\",\"description\":\"Eclairons les id\u00e9es et distinguons les v\u00e9rit\u00e9s \",\"publisher\":{\"@id\":\"https:\\\/\\\/ledistingoinfo.com\\\/#organization\"},\"potentialAction\":[{\"@type\":\"SearchAction\",\"target\":{\"@type\":\"EntryPoint\",\"urlTemplate\":\"https:\\\/\\\/ledistingoinfo.com\\\/?s={search_term_string}\"},\"query-input\":{\"@type\":\"PropertyValueSpecification\",\"valueRequired\":true,\"valueName\":\"search_term_string\"}}],\"inLanguage\":\"fr-FR\"},{\"@type\":\"Organization\",\"@id\":\"https:\\\/\\\/ledistingoinfo.com\\\/#organization\",\"name\":\"Le Distingo Info\",\"url\":\"https:\\\/\\\/ledistingoinfo.com\\\/\",\"logo\":{\"@type\":\"ImageObject\",\"inLanguage\":\"fr-FR\",\"@id\":\"https:\\\/\\\/ledistingoinfo.com\\\/#\\\/schema\\\/logo\\\/image\\\/\",\"url\":\"https:\\\/\\\/ledistingoinfo.com\\\/wp-content\\\/uploads\\\/2025\\\/10\\\/LE-DISTINGO-INFO-scaled.png\",\"contentUrl\":\"https:\\\/\\\/ledistingoinfo.com\\\/wp-content\\\/uploads\\\/2025\\\/10\\\/LE-DISTINGO-INFO-scaled.png\",\"width\":2560,\"height\":1978,\"caption\":\"Le Distingo Info\"},\"image\":{\"@id\":\"https:\\\/\\\/ledistingoinfo.com\\\/#\\\/schema\\\/logo\\\/image\\\/\"}}]}<\/script>\n<!-- \/ Yoast SEO plugin. -->","yoast_head_json":{"title":"Contactez- nous - Le Distingo Info","description":"Une question, une suggestion ou un partenariat ? L\u2019\u00e9quipe de Le Distingo Info est \u00e0 votre \u00e9coute.\ud83d\udc49 Remplissez le formulaire ci-dessous ou \u00e9crivez-nous directement, nous vous r\u00e9pondrons dans les plus brefs d\u00e9lais.","robots":{"index":"index","follow":"follow","max-snippet":"max-snippet:-1","max-image-preview":"max-image-preview:large","max-video-preview":"max-video-preview:-1"},"canonical":"https:\/\/ledistingoinfo.com\/","og_locale":"fr_FR","og_type":"article","og_title":"Contactez- nous - Le Distingo Info","og_description":"Une question, une suggestion ou un partenariat ? L\u2019\u00e9quipe de Le Distingo Info est \u00e0 votre \u00e9coute.\ud83d\udc49 Remplissez le formulaire ci-dessous ou \u00e9crivez-nous directement, nous vous r\u00e9pondrons dans les plus brefs d\u00e9lais.","og_url":"https:\/\/ledistingoinfo.com\/","og_site_name":"Le Distingo Info","article_modified_time":"2025-09-14T13:28:41+00:00","og_image":[{"url":"https:\/\/fonts.gstatic.com\/s\/e\/notoemoji\/16.0\/1f4de\/32.png","type":"","width":"","height":""}],"twitter_card":"summary_large_image","twitter_misc":{"Dur\u00e9e de lecture estim\u00e9e":"2 minutes"},"schema":{"@context":"https:\/\/schema.org","@graph":[{"@type":"WebPage","@id":"https:\/\/ledistingoinfo.com\/","url":"https:\/\/ledistingoinfo.com\/","name":"Contactez- nous - Le Distingo Info","isPartOf":{"@id":"https:\/\/ledistingoinfo.com\/#website"},"primaryImageOfPage":{"@id":"https:\/\/ledistingoinfo.com\/#primaryimage"},"image":{"@id":"https:\/\/ledistingoinfo.com\/#primaryimage"},"thumbnailUrl":"https:\/\/fonts.gstatic.com\/s\/e\/notoemoji\/16.0\/1f4de\/32.png","datePublished":"2025-09-10T21:54:53+00:00","dateModified":"2025-09-14T13:28:41+00:00","description":"Une question, une suggestion ou un partenariat ? L\u2019\u00e9quipe de Le Distingo Info est \u00e0 votre \u00e9coute.\ud83d\udc49 Remplissez le formulaire ci-dessous ou \u00e9crivez-nous directement, nous vous r\u00e9pondrons dans les plus brefs d\u00e9lais.","breadcrumb":{"@id":"https:\/\/ledistingoinfo.com\/#breadcrumb"},"inLanguage":"fr-FR","potentialAction":[{"@type":"ReadAction","target":["https:\/\/ledistingoinfo.com\/"]}]},{"@type":"ImageObject","inLanguage":"fr-FR","@id":"https:\/\/ledistingoinfo.com\/#primaryimage","url":"https:\/\/fonts.gstatic.com\/s\/e\/notoemoji\/16.0\/1f4de\/32.png","contentUrl":"https:\/\/fonts.gstatic.com\/s\/e\/notoemoji\/16.0\/1f4de\/32.png"},{"@type":"BreadcrumbList","@id":"https:\/\/ledistingoinfo.com\/#breadcrumb","itemListElement":[{"@type":"ListItem","position":1,"name":"Home","item":"https:\/\/ledistingoinfo.com\/"},{"@type":"ListItem","position":2,"name":"Contactez- nous"}]},{"@type":"WebSite","@id":"https:\/\/ledistingoinfo.com\/#website","url":"https:\/\/ledistingoinfo.com\/","name":"Le Distingo Info","description":"Eclairons les id\u00e9es et distinguons les v\u00e9rit\u00e9s ","publisher":{"@id":"https:\/\/ledistingoinfo.com\/#organization"},"potentialAction":[{"@type":"SearchAction","target":{"@type":"EntryPoint","urlTemplate":"https:\/\/ledistingoinfo.com\/?s={search_term_string}"},"query-input":{"@type":"PropertyValueSpecification","valueRequired":true,"valueName":"search_term_string"}}],"inLanguage":"fr-FR"},{"@type":"Organization","@id":"https:\/\/ledistingoinfo.com\/#organization","name":"Le Distingo Info","url":"https:\/\/ledistingoinfo.com\/","logo":{"@type":"ImageObject","inLanguage":"fr-FR","@id":"https:\/\/ledistingoinfo.com\/#\/schema\/logo\/image\/","url":"https:\/\/ledistingoinfo.com\/wp-content\/uploads\/2025\/10\/LE-DISTINGO-INFO-scaled.png","contentUrl":"https:\/\/ledistingoinfo.com\/wp-content\/uploads\/2025\/10\/LE-DISTINGO-INFO-scaled.png","width":2560,"height":1978,"caption":"Le Distingo Info"},"image":{"@id":"https:\/\/ledistingoinfo.com\/#\/schema\/logo\/image\/"}}]}},"jetpack_sharing_enabled":true,"_links":{"self":[{"href":"https:\/\/ledistingoinfo.com\/index.php?rest_route=\/wp\/v2\/pages\/87","targetHints":{"allow":["GET"]}}],"collection":[{"href":"https:\/\/ledistingoinfo.com\/index.php?rest_route=\/wp\/v2\/pages"}],"about":[{"href":"https:\/\/ledistingoinfo.com\/index.php?rest_route=\/wp\/v2\/types\/page"}],"author":[{"embeddable":true,"href":"https:\/\/ledistingoinfo.com\/index.php?rest_route=\/wp\/v2\/users\/1"}],"replies":[{"embeddable":true,"href":"https:\/\/ledistingoinfo.com\/index.php?rest_route=%2Fwp%2Fv2%2Fcomments&post=87"}],"version-history":[{"count":8,"href":"https:\/\/ledistingoinfo.com\/index.php?rest_route=\/wp\/v2\/pages\/87\/revisions"}],"predecessor-version":[{"id":519,"href":"https:\/\/ledistingoinfo.com\/index.php?rest_route=\/wp\/v2\/pages\/87\/revisions\/519"}],"wp:attachment":[{"href":"https:\/\/ledistingoinfo.com\/index.php?rest_route=%2Fwp%2Fv2%2Fmedia&parent=87"}],"curies":[{"name":"wp","href":"https:\/\/api.w.org\/{rel}","templated":true}]}}